{"id":1394,"date":"2025-09-25T21:54:22","date_gmt":"2025-09-25T19:54:22","guid":{"rendered":"https:\/\/qualpro.co\/polityka-prywatnosci\/"},"modified":"2026-01-27T23:53:50","modified_gmt":"2026-01-27T22:53:50","slug":"privacy-policy","status":"publish","type":"page","link":"https:\/\/qualpro.co\/en\/privacy-policy\/","title":{"rendered":"Privacy Policy"},"content":{"rendered":"\n<p>Poni\u017cej znajdziesz informacje w jaki spos\u00f3b QUALPRO Sp. z o.o. przetwarza Twoje dane osobowe. Opisujemy tu zasady, kt\u00f3re stosujemy, aby zapewni\u0107 poszanowanie prywatno\u015bci wszystkich os\u00f3b odwiedzaj\u0105cych nasz\u0105 witryn\u0119. Niniejsze praktyki maj\u0105 na celu ochron\u0119 Twojej prywatno\u015bci. Wierzymy, \u017ce przep\u0142yw informacji oznacza korzy\u015bci dla wszystkich z zastrze\u017ceniem, \u017ce gromadzone informacje s\u0105 wykorzystywane w odpowiedzialny spos\u00f3b.<\/p>\n\n\n\n<h4 class=\"wp-block-heading\"><strong>Administrator danych<\/strong><\/h4>\n\n\n\n<p>Administratorem danych osobowych w rozumieniu przepis\u00f3w rozporz\u0105dzenia Parlamentu Europejskiego i rady (UE) 2016\/679 z dnia 27 kwietnia 2016r. w sprawie ochrony danych os\u00f3b fizycznych w zwi\u0105zku z przetwarzaniem danych osobowych i w sprawie swobodnego przep\u0142ywu takich danych oraz uchylenia dyrektywy 95\/46\/WE (RODO) jest QUALPRO Sp. z o.o., ul. W\u0142adys\u0142awa Reymonta 13, 50-225 Wroc\u0142aw, KRS 0000690015 zwany dalej Administratorem.<\/p>\n\n\n\n<h4 class=\"wp-block-heading\"><strong>Cele przetwarzania<\/strong><\/h4>\n\n\n\n<p>Twoje dane osobowe przetwarzane s\u0105 w zakresie i celu niezb\u0119dnym do nawi\u0105zania lub zachowania relacji biznesowych, nawi\u0105zania, ukszta\u0142towania tre\u015bci Umowy, zmiany b\u0105d\u017a jej rozwi\u0105zania oraz prawid\u0142owej realizacji us\u0142ug \u015bwiadczonych drog\u0105 elektroniczn\u0105, w zakresie i celu niezb\u0119dnym do wype\u0142nienia uzasadnionych interes\u00f3w (prawnie usprawiedliwionych cel\u00f3w), a przetwarzanie nie narusza praw i wolno\u015bci osoby, kt\u00f3rej dane dotycz\u0105.<\/p>\n\n\n\n<h4 class=\"wp-block-heading\"><strong>Zasady przetwarzania<\/strong><\/h4>\n\n\n\n<p>Twoje dane osobowe przetwarzanie s\u0105 wy\u0142\u0105cznie na mocy obowi\u0105zuj\u0105cych regulacji prawnych. Podstaw\u0105 prawn\u0105 przetwarzania danych osobowych mo\u017ce by\u0107:<\/p>\n\n\n\n<p>wyra\u017cona przez Ciebie zgoda na przetwarzanie Twoich danych osobowych w jednym lub wi\u0119kszej liczbie okre\u015blonych cel\u00f3w, np. w celach rekrutacji (art. 6 ust. 1 lit a RODO);<br>wykonanie umowy, kt\u00f3rej stron\u0105 jest osoba, kt\u00f3rej dane dotycz\u0105, lub podj\u0119cie dzia\u0142a\u0144 na \u017c\u0105danie osoby, kt\u00f3rej dane dotycz\u0105, przed zawarciem umowy (art. 6 ust. 1 lit b RODO);<br>wype\u0142nienie obowi\u0105zku prawnego ci\u0105\u017c\u0105cego na Administratorze (art. 6 ust. 1 lit. c RODO);<br>przetwarzanie niezb\u0119dne do realizacji cel\u00f3w wynikaj\u0105cych z prawnie uzasadnionych interes\u00f3w realizowanych przez administratora, np. udzielenia odpowiedzi na pytania przes\u0142ane za po\u015brednictwem formularza kontaktowego czy w celach statystycznych i analitycznych Administratora, gdzie uzasadnionym interesem Administratora b\u0119dzie mo\u017cliwo\u015b\u0107 dokonywania analiz i statystyk (art. 6 ust. 1 lit f RODO).<\/p>\n\n\n\n<p>QUALPRO Sp. z o.o. nie gromadzi i nie opracowuje Twoich danych, pozyskanych za po\u015brednictwem niniejszej witryny w celu ich rozpowszechniania b\u0105d\u017a sprzeda\u017cy czy w celach marketingowych b\u0105d\u017a w ramach program\u00f3w mailingowych prowadzonych na rzecz os\u00f3b trzecich.<\/p>\n\n\n\n<h4 class=\"wp-block-heading\"><strong>Dane poufne o charakterze osobistym<\/strong><\/h4>\n\n\n\n<p>QUALPRO Sp. z o.o. nie wykorzystuje niniejszej witryny internetowej do celowego gromadzenia informacji o charakterze poufnym, chyba \u017ce taki obowi\u0105zek wynika z obowi\u0105zuj\u0105cych przepis\u00f3w prawa, na przyk\u0142ad do cel\u00f3w rekrutacji. Poufne informacje osobiste dotycz\u0105 min. rasy lub pochodzenia etnicznego, przekona\u0144 religijnych b\u0105d\u017a innych, pogl\u0105d\u00f3w politycznych, przynale\u017cno\u015bci do zwi\u0105zk\u00f3w zawodowych, stanu zdrowia, \u017cycia seksualnego czy karalno\u015bci. Je\u017celi w szczeg\u00f3lnych przypadkach pozyskamy od Ciebie takie dane dost\u0119p do nich b\u0119dzie zabezpieczony zgodnie z naszymi wewn\u0119trznymi, wysokim standardami bezpiecze\u0144stwa informacji. W QUALPRO Sp. z o.o. wprowadzili\u015bmy procedury maj\u0105ce na celu ochron\u0119 informacji przed ich utrat\u0105, niew\u0142a\u015bciwym wykorzystaniem czy niedozwolonym ujawnieniem.<\/p>\n\n\n\n<h4 class=\"wp-block-heading\"><strong>Cookies<\/strong><\/h4>\n\n\n\n<p>Witryna internetowa www.qualpro.co i\/lub ka\u017cda z jej sekcji mo\u017ce wykorzystywa\u0107 tzw. pliki cookies. S\u0105 to niewielkie pliki tekstowe wysy\u0142ane przez serwer www i przechowywane przez oprogramowanie komputera przegl\u0105darki. Kiedy przegl\u0105darka ponownie po\u0142\u0105czy si\u0119 ze stron\u0105, witryna rozpozna rodzaj urz\u0105dzenia, z kt\u00f3rego \u0142\u0105czy si\u0119 u\u017cytkownik. Parametry pozwalaj\u0105 na odczytanie informacji w nich zawartych jedynie serwerowi, kt\u00f3ry je utworzy\u0142. Cookies u\u0142atwiaj\u0105 korzystanie z wcze\u015bniej odwiedzonych witryn. Gromadzone informacje dotycz\u0105 adresu IP, typu wykorzystywanej przegl\u0105darki, j\u0119zyka, rodzaju systemu operacyjnego, dostawcy us\u0142ug internetowych, informacji o czasie i dacie, lokalizacji oraz informacji przesy\u0142anych do witryny za po\u015brednictwem formularza kontaktowego. Zebrane dane s\u0142u\u017c\u0105 do monitorowania i sprawdzenia, w jaki spos\u00f3b u\u017cytkownicy korzystaj\u0105 z naszej witryny, aby usprawnia\u0107 funkcjonowanie serwisu zapewniaj\u0105c bardziej efektywn\u0105 i bezproblemow\u0105 nawigacj\u0119. Cookies nie s\u0105 przez nas wykorzystywane do okre\u015blenia to\u017csamo\u015bci \u017cadnej z os\u00f3b odwiedzaj\u0105cych witryn\u0119 www.qualpro.co , lecz pomagaj\u0105 nam \u015bledzi\u0107 og\u00f3lny ruch u\u017cytkownik\u00f3w na witrynie. Je\u017celi nie chcesz otrzymywa\u0107 plik\u00f3w cookies z witryny www.qualpro.co mo\u017cesz w\u0142\u0105czy\u0107 w przegl\u0105darce opcj\u0119 powiadamiania o otrzymywanych plikach cookies i za ka\u017cdym razem decydowa\u0107 o ich ewentualnym blokowaniu. Ten post jest sponsorowany przez naszych partner\u00f3w https:\/\/fakewatch.is replica watches.<\/p>\n\n\n\n<h4 class=\"wp-block-heading\"><strong>Dane w procesie rekrutacji<\/strong><\/h4>\n\n\n\n<p>Je\u017celi zdecydujesz si\u0119 z\u0142o\u017cy\u0107 swoj\u0105 aplikacj\u0119 w procesie rekrutacji do pracy w QUALPRO Sp. z o.o. b\u0119dziemy potrzebowali wyra\u017cenia przez Ciebie uprzednio zgody na przetwarzanie przez nas Twoich danych osobowych w procesie rekrutacji. Dane przekazane przez Ciebie w procesie rekrutacji nie b\u0119d\u0105 przez nas wykorzystywane w \u017cadnym innym celu jak tylko przeprowadzenie procesu rekrutacji. Zgadzaj\u0105c si\u0119 na przetwarzanie przez nas swoich danych w procesie rekrutacji zgadasz si\u0119 na przekazanie nam min. swojego imienia i nazwiska, daty urodzenia, adresu do korespondencji, wykszta\u0142cenia, przebiegu dotychczasowego zatrudnienia jak i innych, ni\u017c wy\u017cej okre\u015blone, danych, zawartych przeze Ciebie w z\u0142o\u017conych dokumentach aplikacyjnych.<\/p>\n\n\n\n<p>Twoje dane b\u0119d\u0105 przechowywane przez okres 3 miesi\u0119cy od zako\u0144czenia procesu rekrutacji, a po tym czasie zostan\u0105 usuni\u0119te. Twoje dane osobowe nie b\u0119d\u0105 podlega\u0107 zautomatyzowanemu podejmowaniu decyzji lub profilowaniu. Twoje dane osobowe mog\u0105 by\u0107 udost\u0119pniane doradcom i podmiotom wsp\u00f3\u0142pracuj\u0105cym z Administratorem, w celu przeprowadzenia rekrutacji. W takiej sytuacji przestrzegamy odpowiednich standard\u00f3w ochrony danych osobowych, zapewniaj\u0105c poufno\u015b\u0107 i bezpiecze\u0144stwo wszystkich przekazywanych przez Ciebie informacji.<\/p>\n\n\n\n<h4 class=\"wp-block-heading\"><strong>Twoje uprawnienia<\/strong><\/h4>\n\n\n\n<p>Zgodnie z obowi\u0105zuj\u0105cymi przepisami RODO posiadasz prawo dost\u0119pu do tre\u015bci swoich danych osobowych, prawo ich sprostowania, usuni\u0119cia, ograniczenia przetwarzania, prawo do przenoszenia danych, prawo wniesienia sprzeciwu, prawo do cofni\u0119cia zgody na ich przetwarzanie w dowolnym momencie. Posiadasz r\u00f3wnie\u017c prawo wniesienia skargi do organu nadzorczego, je\u017celi uznasz, \u017ce przetwarzanie danych osobowych narusza obowi\u0105zuj\u0105ce regulacje prawne.<\/p>\n\n\n\n<h4 class=\"wp-block-heading\"><strong>Kontakt w sprawach zwi\u0105zanych z przetwarzaniem danych<\/strong><\/h4>\n\n\n\n<p>W sprawach zwi\u0105zanych z ochron\u0105 danych osobowych mo\u017cesz si\u0119 z nami skontaktowa\u0107 pod adresem: privacy@qualpro.co<\/p>\n\n\n\n<h4 class=\"wp-block-heading\"><strong>Zmiany niniejszej polityki<\/strong><\/h4>\n\n\n\n<p>Stosownie do potrzeb QUALPRO Sp. z o.o. zastrzega sobie prawo do modyfikowania tre\u015bci niniejszej polityki prywatno\u015bci.<\/p>\n","protected":false},"excerpt":{"rendered":"<p>Poni\u017cej znajdziesz informacje w jaki spos\u00f3b QUALPRO Sp. z o.o. przetwarza Twoje dane osobowe. Opisujemy tu zasady, kt\u00f3re stosujemy, aby zapewni\u0107 poszanowanie prywatno\u015bci wszystkich os\u00f3b odwiedzaj\u0105cych nasz\u0105 witryn\u0119. Niniejsze praktyki maj\u0105 na celu ochron\u0119 Twojej prywatno\u015bci. Wierzymy, \u017ce przep\u0142yw informacji oznacza korzy\u015bci dla wszystkich z zastrze\u017ceniem, \u017ce gromadzone informacje s\u0105 wykorzystywane w odpowiedzialny spos\u00f3b. Administrator [&hellip;]<\/p>\n","protected":false},"author":1,"featured_media":0,"parent":0,"menu_order":0,"comment_status":"closed","ping_status":"open","template":"","meta":{"_acf_changed":false,"footnotes":""},"class_list":["post-1394","page","type-page","status-publish","hentry"],"acf":[],"_links":{"self":[{"href":"https:\/\/qualpro.co\/en\/wp-json\/wp\/v2\/pages\/1394","targetHints":{"allow":["GET"]}}],"collection":[{"href":"https:\/\/qualpro.co\/en\/wp-json\/wp\/v2\/pages"}],"about":[{"href":"https:\/\/qualpro.co\/en\/wp-json\/wp\/v2\/types\/page"}],"author":[{"embeddable":true,"href":"https:\/\/qualpro.co\/en\/wp-json\/wp\/v2\/users\/1"}],"replies":[{"embeddable":true,"href":"https:\/\/qualpro.co\/en\/wp-json\/wp\/v2\/comments?post=1394"}],"version-history":[{"count":1,"href":"https:\/\/qualpro.co\/en\/wp-json\/wp\/v2\/pages\/1394\/revisions"}],"predecessor-version":[{"id":1601,"href":"https:\/\/qualpro.co\/en\/wp-json\/wp\/v2\/pages\/1394\/revisions\/1601"}],"wp:attachment":[{"href":"https:\/\/qualpro.co\/en\/wp-json\/wp\/v2\/media?parent=1394"}],"curies":[{"name":"wp","href":"https:\/\/api.w.org\/{rel}","templated":true}]}}